{"id":3873,"date":"2025-08-28T16:03:56","date_gmt":"2025-08-28T14:03:56","guid":{"rendered":"https:\/\/www.kozmoz.be\/?page_id=3873"},"modified":"2025-08-28T16:06:49","modified_gmt":"2025-08-28T14:06:49","slug":"a-propos","status":"publish","type":"page","link":"https:\/\/www.kozmoz.be\/fr\/a-propos\/","title":{"rendered":"\u00c0 propos"},"content":{"rendered":"","protected":false},"excerpt":{"rendered":"","protected":false},"author":12,"featured_media":2934,"parent":0,"menu_order":0,"comment_status":"closed","ping_status":"closed","template":"page-templates\/about.php","meta":{"footnotes":""},"class_list":["post-3873","page","type-page","status-publish","has-post-thumbnail","hentry"],"acf":[],"yoast_head":"<!-- This site is optimized with the Yoast SEO plugin v21.0 - https:\/\/yoast.com\/wordpress\/plugins\/seo\/ -->\n<title>\u00c0 propos - Kozmoz<\/title>\n<meta name=\"description\" content=\"Depuis plus de 20 ans, nous donnons vie aux marques \u00e0 travers des cr\u00e9ations sur mesure et pens\u00e9es avec soin.\" \/>\n<meta name=\"robots\" content=\"index, follow, max-snippet:-1, max-image-preview:large, max-video-preview:-1\" \/>\n<link rel=\"canonical\" href=\"https:\/\/www.kozmoz.be\/fr\/a-propos\/\" \/>\n<meta property=\"og:locale\" content=\"fr_FR\" \/>\n<meta property=\"og:type\" content=\"article\" \/>\n<meta property=\"og:title\" content=\"\u00c0 propos - Kozmoz\" \/>\n<meta property=\"og:description\" content=\"Depuis plus de 20 ans, nous donnons vie aux marques \u00e0 travers des cr\u00e9ations sur mesure et pens\u00e9es avec soin.\" \/>\n<meta property=\"og:url\" content=\"https:\/\/www.kozmoz.be\/fr\/a-propos\/\" \/>\n<meta property=\"og:site_name\" content=\"Kozmoz\" \/>\n<meta property=\"article:modified_time\" content=\"2025-08-28T14:06:49+00:00\" \/>\n<meta property=\"og:image\" content=\"https:\/\/www.kozmoz.be\/wp-content\/uploads\/2024\/06\/KOZ_Building_EcoVadis-Silver_2024.png\" \/>\n\t<meta property=\"og:image:width\" content=\"1666\" \/>\n\t<meta property=\"og:image:height\" content=\"996\" \/>\n\t<meta property=\"og:image:type\" content=\"image\/png\" \/>\n<meta name=\"twitter:card\" content=\"summary_large_image\" \/>\n<script type=\"application\/ld+json\" class=\"yoast-schema-graph\">{\"@context\":\"https:\/\/schema.org\",\"@graph\":[{\"@type\":\"WebPage\",\"@id\":\"https:\/\/www.kozmoz.be\/fr\/a-propos\/\",\"url\":\"https:\/\/www.kozmoz.be\/fr\/a-propos\/\",\"name\":\"\u00c0 propos - Kozmoz\",\"isPartOf\":{\"@id\":\"https:\/\/www.kozmoz.be\/fr\/#website\"},\"datePublished\":\"2025-08-28T14:03:56+00:00\",\"dateModified\":\"2025-08-28T14:06:49+00:00\",\"description\":\"Depuis plus de 20 ans, nous donnons vie aux marques \u00e0 travers des cr\u00e9ations sur mesure et pens\u00e9es avec soin.\",\"breadcrumb\":{\"@id\":\"https:\/\/www.kozmoz.be\/fr\/a-propos\/#breadcrumb\"},\"inLanguage\":\"fr-FR\",\"potentialAction\":[{\"@type\":\"ReadAction\",\"target\":[\"https:\/\/www.kozmoz.be\/fr\/a-propos\/\"]}]},{\"@type\":\"BreadcrumbList\",\"@id\":\"https:\/\/www.kozmoz.be\/fr\/a-propos\/#breadcrumb\",\"itemListElement\":[{\"@type\":\"ListItem\",\"position\":1,\"name\":\"Accueil\",\"item\":\"https:\/\/www.kozmoz.be\/fr\/\"},{\"@type\":\"ListItem\",\"position\":2,\"name\":\"\u00c0 propos\"}]},{\"@type\":\"WebSite\",\"@id\":\"https:\/\/www.kozmoz.be\/fr\/#website\",\"url\":\"https:\/\/www.kozmoz.be\/fr\/\",\"name\":\"Kozmoz\",\"description\":\"\",\"potentialAction\":[{\"@type\":\"SearchAction\",\"target\":{\"@type\":\"EntryPoint\",\"urlTemplate\":\"https:\/\/www.kozmoz.be\/fr\/?s={search_term_string}\"},\"query-input\":\"required name=search_term_string\"}],\"inLanguage\":\"fr-FR\"}]}<\/script>\n<!-- \/ Yoast SEO plugin. -->","yoast_head_json":{"title":"\u00c0 propos - Kozmoz","description":"Depuis plus de 20 ans, nous donnons vie aux marques \u00e0 travers des cr\u00e9ations sur mesure et pens\u00e9es avec soin.","robots":{"index":"index","follow":"follow","max-snippet":"max-snippet:-1","max-image-preview":"max-image-preview:large","max-video-preview":"max-video-preview:-1"},"canonical":"https:\/\/www.kozmoz.be\/fr\/a-propos\/","og_locale":"fr_FR","og_type":"article","og_title":"\u00c0 propos - Kozmoz","og_description":"Depuis plus de 20 ans, nous donnons vie aux marques \u00e0 travers des cr\u00e9ations sur mesure et pens\u00e9es avec soin.","og_url":"https:\/\/www.kozmoz.be\/fr\/a-propos\/","og_site_name":"Kozmoz","article_modified_time":"2025-08-28T14:06:49+00:00","og_image":[{"width":1666,"height":996,"url":"https:\/\/www.kozmoz.be\/wp-content\/uploads\/2024\/06\/KOZ_Building_EcoVadis-Silver_2024.png","type":"image\/png"}],"twitter_card":"summary_large_image","schema":{"@context":"https:\/\/schema.org","@graph":[{"@type":"WebPage","@id":"https:\/\/www.kozmoz.be\/fr\/a-propos\/","url":"https:\/\/www.kozmoz.be\/fr\/a-propos\/","name":"\u00c0 propos - Kozmoz","isPartOf":{"@id":"https:\/\/www.kozmoz.be\/fr\/#website"},"datePublished":"2025-08-28T14:03:56+00:00","dateModified":"2025-08-28T14:06:49+00:00","description":"Depuis plus de 20 ans, nous donnons vie aux marques \u00e0 travers des cr\u00e9ations sur mesure et pens\u00e9es avec soin.","breadcrumb":{"@id":"https:\/\/www.kozmoz.be\/fr\/a-propos\/#breadcrumb"},"inLanguage":"fr-FR","potentialAction":[{"@type":"ReadAction","target":["https:\/\/www.kozmoz.be\/fr\/a-propos\/"]}]},{"@type":"BreadcrumbList","@id":"https:\/\/www.kozmoz.be\/fr\/a-propos\/#breadcrumb","itemListElement":[{"@type":"ListItem","position":1,"name":"Accueil","item":"https:\/\/www.kozmoz.be\/fr\/"},{"@type":"ListItem","position":2,"name":"\u00c0 propos"}]},{"@type":"WebSite","@id":"https:\/\/www.kozmoz.be\/fr\/#website","url":"https:\/\/www.kozmoz.be\/fr\/","name":"Kozmoz","description":"","potentialAction":[{"@type":"SearchAction","target":{"@type":"EntryPoint","urlTemplate":"https:\/\/www.kozmoz.be\/fr\/?s={search_term_string}"},"query-input":"required name=search_term_string"}],"inLanguage":"fr-FR"}]}},"_links":{"self":[{"href":"https:\/\/www.kozmoz.be\/fr\/wp-json\/wp\/v2\/pages\/3873","targetHints":{"allow":["GET"]}}],"collection":[{"href":"https:\/\/www.kozmoz.be\/fr\/wp-json\/wp\/v2\/pages"}],"about":[{"href":"https:\/\/www.kozmoz.be\/fr\/wp-json\/wp\/v2\/types\/page"}],"author":[{"embeddable":true,"href":"https:\/\/www.kozmoz.be\/fr\/wp-json\/wp\/v2\/users\/12"}],"replies":[{"embeddable":true,"href":"https:\/\/www.kozmoz.be\/fr\/wp-json\/wp\/v2\/comments?post=3873"}],"version-history":[{"count":13,"href":"https:\/\/www.kozmoz.be\/fr\/wp-json\/wp\/v2\/pages\/3873\/revisions"}],"predecessor-version":[{"id":3894,"href":"https:\/\/www.kozmoz.be\/fr\/wp-json\/wp\/v2\/pages\/3873\/revisions\/3894"}],"wp:featuredmedia":[{"embeddable":true,"href":"https:\/\/www.kozmoz.be\/fr\/wp-json\/wp\/v2\/media\/2934"}],"wp:attachment":[{"href":"https:\/\/www.kozmoz.be\/fr\/wp-json\/wp\/v2\/media?parent=3873"}],"curies":[{"name":"wp","href":"https:\/\/api.w.org\/{rel}","templated":true}]}}